{"id":240,"date":"2022-09-27T12:23:38","date_gmt":"2022-09-27T12:23:38","guid":{"rendered":"https:\/\/www.pacificplastik.com\/?page_id=240"},"modified":"2023-11-21T09:15:59","modified_gmt":"2023-11-21T09:15:59","slug":"gida-paketleri","status":"publish","type":"page","link":"https:\/\/www.pacificplastik.com\/tr\/kategoriler\/gida-paketleri\/","title":{"rendered":"GIDA AMBALAJLARI"},"content":{"rendered":"<section class=\"section\" id=\"section_1715643185\">\n\t\t<div class=\"bg section-bg fill bg-fill  bg-loaded\" >\n\n\t\t\t\n\t\t\t\n\t\t\t\n\n\t\t<\/div>\n\n\t\t\n\n\t\t<div class=\"section-content relative\">\n\t\t\t\n\n\t<div id=\"gap-770566496\" class=\"gap-element clearfix\" style=\"display:block; height:auto;\">\n\t\t\n<style>\n#gap-770566496 {\n  padding-top: 30px;\n}\n<\/style>\n\t<\/div>\n\t\n\n<div class=\"row align-middle\"  id=\"row-2011412856\">\n\n\n\t<div id=\"col-562662616\" class=\"col medium-12 small-12 large-6\"  data-animate=\"fadeInLeft\">\n\t\t\t\t<div class=\"col-inner\"  >\n\t\t\t\n\t\t\t\n\n\n  <div class=\"banner has-hover\" id=\"banner-156617396\">\n          <div class=\"banner-inner fill\">\n        <div class=\"banner-bg fill\" >\n            <div class=\"bg fill bg-fill\"><\/div>\n                                    \n                    <\/div>\n\t\t\n        <div class=\"banner-layers container\">\n            <div class=\"fill banner-link\"><\/div>            \n\n\n        <\/div>\n      <\/div>\n\n            \n<style>\n#banner-156617396 {\n  padding-top: 99.99%;\n  background-color: rgb(255, 255, 255);\n}\n#banner-156617396 .bg.bg-loaded {\n  background-image: url(https:\/\/www.pacificplastik.com\/wp-content\/uploads\/2023\/11\/Organic-windy-valley-urunler-en-alt-banner_01-800x800.jpg);\n}\n#banner-156617396 .bg {\n  background-position: 35% 56%;\n}\n#banner-156617396 .ux-shape-divider--top svg {\n  height: 150px;\n  --divider-top-width: 100%;\n}\n#banner-156617396 .ux-shape-divider--bottom svg {\n  height: 150px;\n  --divider-width: 100%;\n}\n@media (min-width:550px) {\n  #banner-156617396 {\n    padding-top: 75%;\n  }\n}\n@media (min-width:850px) {\n  #banner-156617396 {\n    padding-top: 99.99%;\n  }\n}\n<\/style>\n  <\/div>\n\n\n\n\t\t<\/div>\n\t\t\t\t\t<\/div>\n\n\t\n\n\t<div id=\"col-1612323963\" class=\"col medium-12 small-12 large-6\"  data-animate=\"fadeInRight\">\n\t\t\t\t<div class=\"col-inner\"  >\n\t\t\t\n\t\t\t\n\n\t<div id=\"gap-1159587754\" class=\"gap-element clearfix\" style=\"display:block; height:auto;\">\n\t\t\n<style>\n#gap-1159587754 {\n  padding-top: 10px;\n}\n@media (min-width:850px) {\n  #gap-1159587754 {\n    padding-top: 30px;\n  }\n}\n<\/style>\n\t<\/div>\n\t\n\n\t<div id=\"text-3730683405\" class=\"text\">\n\t\t\n\n<h3 class=\"product-title product_title entry-title\">Kuruyemi\u015f ambalaj\u0131<\/h3>\n\t\t\n<style>\n#text-3730683405 {\n  font-size: 0.9rem;\n}\n<\/style>\n\t<\/div>\n\t\n\t<div id=\"text-1101160124\" class=\"text\">\n\t\t\n\n<table border=\"0\" width=\"70%\">\n<tbody>\n<tr>\n<td>\n<h5>Materyaller<\/h5>\n<\/td>\n<td>\n<h5>: PET\/CPP, PET\/MET\/LDPE, OPP\/OPP<\/h5>\n<\/td>\n<\/tr>\n<tr style=\"background: #F0F0F0;\">\n<td>\n<h5>Bask\u0131<\/h5>\n<\/td>\n<td>\n<h5>: 8 Renk flexo bask\u0131 imkan\u0131<\/h5>\n<\/td>\n<\/tr>\n<tr>\n<td>\n<h5>Boyut ve kal\u0131nl\u0131k<\/h5>\n<\/td>\n<td>\n<h5>: M\u00fc\u015fteri talebine g\u00f6re de\u011fi\u015fkenlik g\u00f6sterir<\/h5>\n<\/td>\n<\/tr>\n<\/tbody>\n<\/table>\n\t\t\n<style>\n#text-1101160124 {\n  font-size: 0.75rem;\n}\n<\/style>\n\t<\/div>\n\t\n\n\t\t<\/div>\n\t\t\t\t\n<style>\n#col-1612323963 > .col-inner {\n  padding: 0px 0px 0px 0;\n}\n@media (min-width:850px) {\n  #col-1612323963 > .col-inner {\n    padding: 0px 0px 0px 10%;\n  }\n}\n<\/style>\n\t<\/div>\n\n\t\n\n<\/div>\n<div class=\"row align-middle\"  id=\"row-1848679059\">\n\n\n\t<div id=\"col-92240697\" class=\"col medium-12 small-12 large-6\"  data-animate=\"fadeInLeft\">\n\t\t\t\t<div class=\"col-inner\"  >\n\t\t\t\n\t\t\t\n\n\n  <div class=\"banner has-hover\" id=\"banner-1805919261\">\n          <div class=\"banner-inner fill\">\n        <div class=\"banner-bg fill\" >\n            <div class=\"bg fill bg-fill\"><\/div>\n                                    \n                    <\/div>\n\t\t\n        <div class=\"banner-layers container\">\n            <div class=\"fill banner-link\"><\/div>            \n\n\n        <\/div>\n      <\/div>\n\n            \n<style>\n#banner-1805919261 {\n  padding-top: 99.99%;\n  background-color: rgb(255, 255, 255);\n}\n#banner-1805919261 .bg.bg-loaded {\n  background-image: url(https:\/\/www.pacificplastik.com\/wp-content\/uploads\/2022\/10\/KURU-GIDA-AMBALAJLARI-copy-800x800.jpg);\n}\n#banner-1805919261 .bg {\n  background-position: 35% 56%;\n}\n#banner-1805919261 .ux-shape-divider--top svg {\n  height: 150px;\n  --divider-top-width: 100%;\n}\n#banner-1805919261 .ux-shape-divider--bottom svg {\n  height: 150px;\n  --divider-width: 100%;\n}\n@media (min-width:550px) {\n  #banner-1805919261 {\n    padding-top: 75%;\n  }\n}\n@media (min-width:850px) {\n  #banner-1805919261 {\n    padding-top: 99.99%;\n  }\n}\n<\/style>\n  <\/div>\n\n\n\n\t\t<\/div>\n\t\t\t\t\t<\/div>\n\n\t\n\n\t<div id=\"col-894769774\" class=\"col medium-12 small-12 large-6\"  data-animate=\"fadeInRight\">\n\t\t\t\t<div class=\"col-inner\"  >\n\t\t\t\n\t\t\t\n\n\t<div id=\"gap-2145384827\" class=\"gap-element clearfix\" style=\"display:block; height:auto;\">\n\t\t\n<style>\n#gap-2145384827 {\n  padding-top: 10px;\n}\n@media (min-width:850px) {\n  #gap-2145384827 {\n    padding-top: 30px;\n  }\n}\n<\/style>\n\t<\/div>\n\t\n\n\t<div id=\"text-2625025539\" class=\"text\">\n\t\t\n\n<h3 class=\"product-title product_title entry-title\">Kuru g\u0131da ambalaj\u0131<\/h3>\n\t\t\n<style>\n#text-2625025539 {\n  font-size: 0.9rem;\n}\n<\/style>\n\t<\/div>\n\t\n\t<div id=\"text-40721367\" class=\"text\">\n\t\t\n\n<table border=\"0\" width=\"70%\">\n<tbody>\n<tr>\n<td>\n<h5>Materyaller<\/h5>\n<\/td>\n<td>\n<h5>: OPP\/ OPP, OPP\/ CPP, PET\/PE, OPP\/PE<\/h5>\n<\/td>\n<\/tr>\n<tr style=\"background: #F0F0F0;\">\n<td>\n<h5>Bask\u0131<\/h5>\n<\/td>\n<td>\n<h5>: 8 Renk flexo bask\u0131 imkan\u0131<\/h5>\n<\/td>\n<\/tr>\n<tr>\n<td>\n<h5>Boyut ve kal\u0131nl\u0131k<\/h5>\n<\/td>\n<td>\n<h5>: M\u00fc\u015fteri talebine g\u00f6re de\u011fi\u015fkenlik g\u00f6sterir<\/h5>\n<\/td>\n<\/tr>\n<\/tbody>\n<\/table>\n\t\t\n<style>\n#text-40721367 {\n  font-size: 0.75rem;\n}\n<\/style>\n\t<\/div>\n\t\n\n\t\t<\/div>\n\t\t\t\t\n<style>\n#col-894769774 > .col-inner {\n  padding: 0px 0px 0px 0;\n}\n@media (min-width:850px) {\n  #col-894769774 > .col-inner {\n    padding: 0px 0px 0px 10%;\n  }\n}\n<\/style>\n\t<\/div>\n\n\t\n\n<\/div>\n<div class=\"row align-middle\"  id=\"row-1932410963\">\n\n\n\t<div id=\"col-1069810204\" class=\"col medium-12 small-12 large-6\"  data-animate=\"fadeInLeft\">\n\t\t\t\t<div class=\"col-inner\"  >\n\t\t\t\n\t\t\t\n\n\n  <div class=\"banner has-hover\" id=\"banner-887355094\">\n          <div class=\"banner-inner fill\">\n        <div class=\"banner-bg fill\" >\n            <div class=\"bg fill bg-fill\"><\/div>\n                                    \n                    <\/div>\n\t\t\n        <div class=\"banner-layers container\">\n            <div class=\"fill banner-link\"><\/div>            \n\n\n        <\/div>\n      <\/div>\n\n            \n<style>\n#banner-887355094 {\n  padding-top: 99.99%;\n  background-color: rgb(255, 255, 255);\n}\n#banner-887355094 .bg.bg-loaded {\n  background-image: url(https:\/\/www.pacificplastik.com\/wp-content\/uploads\/2022\/09\/PACKAGING-1-800x800.jpeg);\n}\n#banner-887355094 .bg {\n  background-position: 35% 56%;\n}\n#banner-887355094 .ux-shape-divider--top svg {\n  height: 150px;\n  --divider-top-width: 100%;\n}\n#banner-887355094 .ux-shape-divider--bottom svg {\n  height: 150px;\n  --divider-width: 100%;\n}\n@media (min-width:550px) {\n  #banner-887355094 {\n    padding-top: 75%;\n  }\n}\n@media (min-width:850px) {\n  #banner-887355094 {\n    padding-top: 99.99%;\n  }\n}\n<\/style>\n  <\/div>\n\n\n\n\t\t<\/div>\n\t\t\t\t\t<\/div>\n\n\t\n\n\t<div id=\"col-1985245829\" class=\"col medium-12 small-12 large-6\"  data-animate=\"fadeInRight\">\n\t\t\t\t<div class=\"col-inner\"  >\n\t\t\t\n\t\t\t\n\n\t<div id=\"gap-1871874241\" class=\"gap-element clearfix\" style=\"display:block; height:auto;\">\n\t\t\n<style>\n#gap-1871874241 {\n  padding-top: 10px;\n}\n@media (min-width:850px) {\n  #gap-1871874241 {\n    padding-top: 30px;\n  }\n}\n<\/style>\n\t<\/div>\n\t\n\n\t<div id=\"text-3619703579\" class=\"text\">\n\t\t\n\n<h3 class=\"product-title product_title entry-title\">Ekmek torbalar\u0131<\/h3>\n\t\t\n<style>\n#text-3619703579 {\n  font-size: 0.9rem;\n}\n<\/style>\n\t<\/div>\n\t\n\t<div id=\"text-240220116\" class=\"text\">\n\t\t\n\n<table border=\"0\" width=\"70%\">\n<tbody>\n<tr>\n<td>\n<h5>Materyaller<\/h5>\n<\/td>\n<td>\n<h5>: OPP\/ OPP, OPP\/ CPP, PET\/PE, OPP\/PE, PP<\/h5>\n<\/td>\n<\/tr>\n<tr style=\"background: #F0F0F0;\">\n<td>\n<h5>Bask\u0131<\/h5>\n<\/td>\n<td>\n<h5>: 8 Renk flexo bask\u0131 imkan\u0131<\/h5>\n<\/td>\n<\/tr>\n<tr>\n<td>\n<h5>Boyut ve kal\u0131nl\u0131k<\/h5>\n<\/td>\n<td>\n<h5>: M\u00fc\u015fteri talebine g\u00f6re de\u011fi\u015fkenlik g\u00f6sterir<\/h5>\n<\/td>\n<\/tr>\n<\/tbody>\n<\/table>\n\t\t\n<style>\n#text-240220116 {\n  font-size: 0.75rem;\n}\n<\/style>\n\t<\/div>\n\t\n\n\t\t<\/div>\n\t\t\t\t\n<style>\n#col-1985245829 > .col-inner {\n  padding: 0px 0px 0px 0;\n}\n@media (min-width:850px) {\n  #col-1985245829 > .col-inner {\n    padding: 0px 0px 0px 10%;\n  }\n}\n<\/style>\n\t<\/div>\n\n\t\n\n<\/div>\n\n\t\t<\/div>\n\n\t\t\n<style>\n#section_1715643185 {\n  padding-top: 40px;\n  padding-bottom: 40px;\n}\n#section_1715643185 .ux-shape-divider--top svg {\n  height: 150px;\n  --divider-top-width: 100%;\n}\n#section_1715643185 .ux-shape-divider--bottom svg {\n  height: 150px;\n  --divider-width: 100%;\n}\n@media (min-width:850px) {\n  #section_1715643185 {\n    padding-top: 70px;\n    padding-bottom: 70px;\n  }\n}\n<\/style>\n\t<\/section>","protected":false},"excerpt":{"rendered":"","protected":false},"author":1,"featured_media":0,"parent":51,"menu_order":0,"comment_status":"closed","ping_status":"closed","template":"","meta":[],"_links":{"self":[{"href":"https:\/\/www.pacificplastik.com\/tr\/wp-json\/wp\/v2\/pages\/240"}],"collection":[{"href":"https:\/\/www.pacificplastik.com\/tr\/wp-json\/wp\/v2\/pages"}],"about":[{"href":"https:\/\/www.pacificplastik.com\/tr\/wp-json\/wp\/v2\/types\/page"}],"author":[{"embeddable":true,"href":"https:\/\/www.pacificplastik.com\/tr\/wp-json\/wp\/v2\/users\/1"}],"replies":[{"embeddable":true,"href":"https:\/\/www.pacificplastik.com\/tr\/wp-json\/wp\/v2\/comments?post=240"}],"version-history":[{"count":15,"href":"https:\/\/www.pacificplastik.com\/tr\/wp-json\/wp\/v2\/pages\/240\/revisions"}],"predecessor-version":[{"id":547,"href":"https:\/\/www.pacificplastik.com\/tr\/wp-json\/wp\/v2\/pages\/240\/revisions\/547"}],"up":[{"embeddable":true,"href":"https:\/\/www.pacificplastik.com\/tr\/wp-json\/wp\/v2\/pages\/51"}],"wp:attachment":[{"href":"https:\/\/www.pacificplastik.com\/tr\/wp-json\/wp\/v2\/media?parent=240"}],"curies":[{"name":"wp","href":"https:\/\/api.w.org\/{rel}","templated":true}]}}