{"id":250,"date":"2022-09-27T12:47:13","date_gmt":"2022-09-27T12:47:13","guid":{"rendered":"https:\/\/www.pacificplastik.com\/?page_id=250"},"modified":"2022-12-15T13:59:49","modified_gmt":"2022-12-15T13:59:49","slug":"posetler","status":"publish","type":"page","link":"https:\/\/www.pacificplastik.com\/tr\/kategoriler\/posetler\/","title":{"rendered":"BASKISIZ AMBALAJLAR"},"content":{"rendered":"<section class=\"section\" id=\"section_1402401910\">\n\t\t<div class=\"bg section-bg fill bg-fill  bg-loaded\" >\n\n\t\t\t\n\t\t\t\n\t\t\t\n\n\t\t<\/div>\n\n\t\t\n\n\t\t<div class=\"section-content relative\">\n\t\t\t\n\n\t<div id=\"gap-982771655\" class=\"gap-element clearfix\" style=\"display:block; height:auto;\">\n\t\t\n<style>\n#gap-982771655 {\n  padding-top: 30px;\n}\n<\/style>\n\t<\/div>\n\t\n\n<div class=\"row align-middle\"  id=\"row-1413952627\">\n\n\n\t<div id=\"col-1207310952\" class=\"col medium-12 small-12 large-6\"  data-animate=\"fadeInLeft\">\n\t\t\t\t<div class=\"col-inner\"  >\n\t\t\t\n\t\t\t\n\n\n  <div class=\"banner has-hover\" id=\"banner-240600910\">\n          <div class=\"banner-inner fill\">\n        <div class=\"banner-bg fill\" >\n            <div class=\"bg fill bg-fill\"><\/div>\n                                    \n                    <\/div>\n\t\t\n        <div class=\"banner-layers container\">\n            <div class=\"fill banner-link\"><\/div>            \n\n\n        <\/div>\n      <\/div>\n\n            \n<style>\n#banner-240600910 {\n  padding-top: 99.99%;\n  background-color: rgb(255, 255, 255);\n}\n#banner-240600910 .bg.bg-loaded {\n  background-image: url(https:\/\/www.pacificplastik.com\/wp-content\/uploads\/2022\/09\/PACKAGING-12-800x800.jpeg);\n}\n#banner-240600910 .bg {\n  background-position: 35% 56%;\n}\n#banner-240600910 .ux-shape-divider--top svg {\n  height: 150px;\n  --divider-top-width: 100%;\n}\n#banner-240600910 .ux-shape-divider--bottom svg {\n  height: 150px;\n  --divider-width: 100%;\n}\n@media (min-width:550px) {\n  #banner-240600910 {\n    padding-top: 75%;\n  }\n}\n@media (min-width:850px) {\n  #banner-240600910 {\n    padding-top: 99.99%;\n  }\n}\n<\/style>\n  <\/div>\n\n\n\n\t\t<\/div>\n\t\t\t\t\t<\/div>\n\n\t\n\n\t<div id=\"col-4680712\" class=\"col medium-12 small-12 large-6\"  data-animate=\"fadeInRight\">\n\t\t\t\t<div class=\"col-inner\"  >\n\t\t\t\n\t\t\t\n\n\t<div id=\"gap-1526628031\" class=\"gap-element clearfix\" style=\"display:block; height:auto;\">\n\t\t\n<style>\n#gap-1526628031 {\n  padding-top: 10px;\n}\n@media (min-width:850px) {\n  #gap-1526628031 {\n    padding-top: 30px;\n  }\n}\n<\/style>\n\t<\/div>\n\t\n\n\t<div id=\"text-4037434964\" class=\"text\">\n\t\t\n\n<h3 class=\"product-title product_title entry-title\">Shring rulo<\/h3>\n\t\t\n<style>\n#text-4037434964 {\n  font-size: 0.9rem;\n}\n<\/style>\n\t<\/div>\n\t\n\t<div id=\"text-2211873306\" class=\"text\">\n\t\t\n\n<table border=\"0\" width=\"70%\">\n<tbody>\n<tr>\n<td>\n<h5>Materyaller<\/h5>\n<\/td>\n<td>\n<h5>: LDPE<\/h5>\n<\/td>\n<\/tr>\n<tr style=\"background: #F0F0F0;\">\n<td>\n<h5>Bask\u0131<\/h5>\n<\/td>\n<td>\n<h5>: 8 Renk flexo bask\u0131 imkan\u0131<\/h5>\n<\/td>\n<\/tr>\n<tr>\n<td>\n<h5>Boyut ve kal\u0131nl\u0131k<\/h5>\n<\/td>\n<td>\n<h5>: M\u00fc\u015fteri talebine g\u00f6re de\u011fi\u015fkenlik g\u00f6sterir<\/h5>\n<\/td>\n<\/tr>\n<\/tbody>\n<\/table>\n\n\t\t\n<style>\n#text-2211873306 {\n  font-size: 0.75rem;\n}\n<\/style>\n\t<\/div>\n\t\n\n\t\t<\/div>\n\t\t\t\t\n<style>\n#col-4680712 > .col-inner {\n  padding: 0px 0px 0px 0;\n}\n@media (min-width:850px) {\n  #col-4680712 > .col-inner {\n    padding: 0px 0px 0px 10%;\n  }\n}\n<\/style>\n\t<\/div>\n\n\t\n\n<\/div>\n<div class=\"row align-middle\"  id=\"row-273800331\">\n\n\n\t<div id=\"col-80225839\" class=\"col medium-12 small-12 large-6\"  data-animate=\"fadeInLeft\">\n\t\t\t\t<div class=\"col-inner\"  >\n\t\t\t\n\t\t\t\n\n\n  <div class=\"banner has-hover\" id=\"banner-44674789\">\n          <div class=\"banner-inner fill\">\n        <div class=\"banner-bg fill\" >\n            <div class=\"bg fill bg-fill\"><\/div>\n                                    \n                    <\/div>\n\t\t\n        <div class=\"banner-layers container\">\n            <div class=\"fill banner-link\"><\/div>            \n\n\n        <\/div>\n      <\/div>\n\n            \n<style>\n#banner-44674789 {\n  padding-top: 99.99%;\n  background-color: rgb(255, 255, 255);\n}\n#banner-44674789 .bg.bg-loaded {\n  background-image: url(https:\/\/www.pacificplastik.com\/wp-content\/uploads\/2022\/09\/PACKAGING-11-800x800.jpeg);\n}\n#banner-44674789 .bg {\n  background-position: 35% 56%;\n}\n#banner-44674789 .ux-shape-divider--top svg {\n  height: 150px;\n  --divider-top-width: 100%;\n}\n#banner-44674789 .ux-shape-divider--bottom svg {\n  height: 150px;\n  --divider-width: 100%;\n}\n@media (min-width:550px) {\n  #banner-44674789 {\n    padding-top: 75%;\n  }\n}\n@media (min-width:850px) {\n  #banner-44674789 {\n    padding-top: 99.99%;\n  }\n}\n<\/style>\n  <\/div>\n\n\n\n\t\t<\/div>\n\t\t\t\t\t<\/div>\n\n\t\n\n\t<div id=\"col-615158088\" class=\"col medium-12 small-12 large-6\"  data-animate=\"fadeInRight\">\n\t\t\t\t<div class=\"col-inner\"  >\n\t\t\t\n\t\t\t\n\n\t<div id=\"gap-1145067685\" class=\"gap-element clearfix\" style=\"display:block; height:auto;\">\n\t\t\n<style>\n#gap-1145067685 {\n  padding-top: 10px;\n}\n@media (min-width:850px) {\n  #gap-1145067685 {\n    padding-top: 30px;\n  }\n}\n<\/style>\n\t<\/div>\n\t\n\n\t<div id=\"text-2131670921\" class=\"text\">\n\t\t\n\n<h3 class=\"product-title product_title entry-title\">Bask\u0131l\u0131 bask\u0131s\u0131z ambalajlar<\/h3>\n\t\t\n<style>\n#text-2131670921 {\n  font-size: 0.9rem;\n}\n<\/style>\n\t<\/div>\n\t\n\t<div id=\"text-313562991\" class=\"text\">\n\t\t\n\n<table border=\"0\" width=\"70%\">\n<tbody>\n<tr>\n<td>\n<h5>Materyaller<\/h5>\n<\/td>\n<td>\n<h5>: OPP,CPP,PP<\/h5>\n<\/td>\n<\/tr>\n<tr style=\"background: #F0F0F0;\">\n<td>\n<h5>Bask\u0131<\/h5>\n<\/td>\n<td>\n<h5>: 8 Renk flexo bask\u0131 imkan\u0131<\/h5>\n<\/td>\n<\/tr>\n<tr>\n<td>\n<h5>Boyut ve kal\u0131nl\u0131k<\/h5>\n<\/td>\n<td>\n<h5>: M\u00fc\u015fteri talebine g\u00f6re de\u011fi\u015fkenlik g\u00f6sterir<\/h5>\n<\/td>\n<\/tr>\n<\/tbody>\n<\/table>\n\n\t\t\n<style>\n#text-313562991 {\n  font-size: 0.75rem;\n}\n<\/style>\n\t<\/div>\n\t\n\n\t\t<\/div>\n\t\t\t\t\n<style>\n#col-615158088 > .col-inner {\n  padding: 0px 0px 0px 0;\n}\n@media (min-width:850px) {\n  #col-615158088 > .col-inner {\n    padding: 0px 0px 0px 10%;\n  }\n}\n<\/style>\n\t<\/div>\n\n\t\n\n<\/div>\n\n\t\t<\/div>\n\n\t\t\n<style>\n#section_1402401910 {\n  padding-top: 40px;\n  padding-bottom: 40px;\n}\n#section_1402401910 .ux-shape-divider--top svg {\n  height: 150px;\n  --divider-top-width: 100%;\n}\n#section_1402401910 .ux-shape-divider--bottom svg {\n  height: 150px;\n  --divider-width: 100%;\n}\n@media (min-width:850px) {\n  #section_1402401910 {\n    padding-top: 70px;\n    padding-bottom: 70px;\n  }\n}\n<\/style>\n\t<\/section>","protected":false},"excerpt":{"rendered":"","protected":false},"author":1,"featured_media":0,"parent":51,"menu_order":0,"comment_status":"closed","ping_status":"closed","template":"","meta":[],"_links":{"self":[{"href":"https:\/\/www.pacificplastik.com\/tr\/wp-json\/wp\/v2\/pages\/250"}],"collection":[{"href":"https:\/\/www.pacificplastik.com\/tr\/wp-json\/wp\/v2\/pages"}],"about":[{"href":"https:\/\/www.pacificplastik.com\/tr\/wp-json\/wp\/v2\/types\/page"}],"author":[{"embeddable":true,"href":"https:\/\/www.pacificplastik.com\/tr\/wp-json\/wp\/v2\/users\/1"}],"replies":[{"embeddable":true,"href":"https:\/\/www.pacificplastik.com\/tr\/wp-json\/wp\/v2\/comments?post=250"}],"version-history":[{"count":9,"href":"https:\/\/www.pacificplastik.com\/tr\/wp-json\/wp\/v2\/pages\/250\/revisions"}],"predecessor-version":[{"id":534,"href":"https:\/\/www.pacificplastik.com\/tr\/wp-json\/wp\/v2\/pages\/250\/revisions\/534"}],"up":[{"embeddable":true,"href":"https:\/\/www.pacificplastik.com\/tr\/wp-json\/wp\/v2\/pages\/51"}],"wp:attachment":[{"href":"https:\/\/www.pacificplastik.com\/tr\/wp-json\/wp\/v2\/media?parent=250"}],"curies":[{"name":"wp","href":"https:\/\/api.w.org\/{rel}","templated":true}]}}